{"id":1472,"date":"2023-07-19T17:30:00","date_gmt":"2023-07-19T17:30:00","guid":{"rendered":"https:\/\/msme-clearinghouse.com\/es\/?page_id=1472"},"modified":"2023-12-28T08:17:51","modified_gmt":"2023-12-28T12:17:51","slug":"sme-fta","status":"publish","type":"page","link":"https:\/\/msme-clearinghouse.com\/es\/sme-fta\/","title":{"rendered":"MSME Provisions in Trade Agreements"},"content":{"rendered":"\t\t<div data-elementor-type=\"wp-page\" data-elementor-id=\"1472\" class=\"elementor elementor-1472\" data-elementor-settings=\"{&quot;ha_cmc_init_switcher&quot;:&quot;no&quot;}\" data-elementor-post-type=\"page\">\n\t\t\t\t\t\t<section class=\"has_eae_slider elementor-section elementor-top-section elementor-element elementor-element-f1d832f elementor-section-boxed elementor-section-height-default elementor-section-height-default exad-glass-effect-no exad-sticky-section-no\" data-eae-slider=\"97737\" data-id=\"f1d832f\" data-element_type=\"section\" data-settings=\"{&quot;background_background&quot;:&quot;classic&quot;,&quot;_ha_eqh_enable&quot;:false}\">\n\t\t\t\t\t\t<div class=\"elementor-container elementor-column-gap-default\">\n\t\t\t\t\t<div class=\"has_eae_slider elementor-column elementor-col-100 elementor-top-column elementor-element elementor-element-b77cd0e exad-glass-effect-no exad-sticky-section-no\" data-eae-slider=\"1408\" data-id=\"b77cd0e\" data-element_type=\"column\">\n\t\t\t<div class=\"elementor-widget-wrap elementor-element-populated\">\n\t\t\t\t\t\t<div class=\"elementor-element elementor-element-e5ef43b exad-sticky-section-no exad-glass-effect-no elementor-widget elementor-widget-heading\" data-id=\"e5ef43b\" data-element_type=\"widget\" data-widget_type=\"heading.default\">\n\t\t\t\t<div class=\"elementor-widget-container\">\n\t\t\t\t\t<h2 class=\"elementor-heading-title elementor-size-default\">Disposiciones sobre MIPYMEs en Acuerdos Comerciales<\/h2>\t\t\t\t<\/div>\n\t\t\t\t<\/div>\n\t\t\t\t<div class=\"elementor-element elementor-element-6633e7f exad-sticky-section-no exad-glass-effect-no elementor-widget elementor-widget-bdt-table\" data-id=\"6633e7f\" data-element_type=\"widget\" data-widget_type=\"bdt-table.default\">\n\t\t\t\t<div class=\"elementor-widget-container\">\n\t\t\t\t\t        <div class=\"bdt-table  bdt-data-table\" id=\"bdt-table-6633e7f\" data-settings=\"{&quot;paging&quot;:false,&quot;info&quot;:false,&quot;searching&quot;:false,&quot;ordering&quot;:false}\">\n\n\n            <table><thead><tr ><th>Acuerdos Comerciales<\/th><th>Disposiciones<\/th><\/tr><\/thead><tbody><tr>\n<\/tr>\n<tr>\n<td  >Acuerdo Amplio y Progresista de Asociaci\u00f3n transpac\u00edfico (CPTPP)<\/td>\n<td>Cap\u00edtulo 24&nbsp;<a href=\"https:\/\/sice.oas.org\/trade\/TPP_Final_Texts\/English\/Chapter24.pdf\" target=\"_blank\"> <img decoding=\"async\" src=\"https:\/\/msme-clearinghouse.com\/wp-content\/uploads\/2023\/07\/Esp_lang.png\" width=\"40\" height=\"11\"><\/a> &nbsp;<img decoding=\"async\" src=\"https:\/\/msme-clearinghouse.com\/wp-content\/uploads\/2023\/07\/pdf-2.png\" width=\"20\" height=\"19\"><\/td>\n<\/tr>\n<tr>\n<td>Alianza del Pac\u00edfico<\/td>\n<td><a href=\"https:\/\/sice.oas.org\/trade\/PAC_ALL\/contratacionpublica.pdf\" target=\"_blank\"><em class=\"link\">Art\u00edculo 8.21<\/em><br>\n<em class=\"link\">Art\u00edculo 8.22 (b)&nbsp;<\/em><\/a><img decoding=\"async\" src=\"https:\/\/msme-clearinghouse.com\/wp-content\/uploads\/2023\/07\/pdf-2.png\" width=\"20\" height=\"19\"><\/td>\n<\/tr>\n<tr>\n<td>Canad\u00e1 - Colombia<\/td>\n<td>\n<a href=\"https:\/\/sice.oas.org\/TPD\/AND_CAN\/Final_Texts_CAN_COL_s\/Chapter15_s.pdf\" target=\"_blank\"><em class=\"link\">Art\u00edculo 1502, 2.(e)<\/em><\/a><img decoding=\"async\" src=\"https:\/\/msme-clearinghouse.com\/wp-content\/uploads\/2023\/07\/pdf-2.png\" width=\"20\" height=\"19\"><\/td>\n<\/tr>\n<tr>\n<td>Canad\u00e1 - Corea<\/td>\n<td>Art\u00edculo 13.2, 2.(e)&nbsp;\n<a href=\"https:\/\/sice.oas.org\/trade\/CAN_KOR\/English\/Text_e.asp#c13_a13.2\"><img decoding=\"async\" src=\"https:\/\/msme-clearinghouse.com\/wp-content\/uploads\/2023\/07\/Esp_lang.png\" width=\"40\" height=\"16\"><\/a>\n<br>\nArt\u00edculo 13.7,(a)&nbsp;<a href=\"https:\/\/sice.oas.org\/trade\/CAN_KOR\/English\/Text_e.asp#c13_a13.7\"> <img decoding=\"async\" src=\"https:\/\/msme-clearinghouse.com\/wp-content\/uploads\/2023\/07\/Esp_lang.png\" width=\"40\" height=\"16\"><\/a><\/td>\n<\/tr>\n<tr>\n<td width=\"292\"  >Canad\u00e1 - Estados Unidos - M\u00e9xico (CUSMA)<\/td>\n<td width=\"147\"  >\n<a href=\"https:\/\/sice.oas.org\/trade\/USMCA\/Spanish\/25ESPPequenasyMedianasEmpresas.pdf\" target=\"_blank\"><em class=\"link\">Cap\u00edtulo 25<\/em><\/a>\n&nbsp;<img decoding=\"async\" src=\"https:\/\/msme-clearinghouse.com\/wp-content\/uploads\/2023\/07\/pdf-2.png\" width=\"20\" height=\"19\">\n<\/td>\n<\/tr>\n<tr>\n<td>Canad\u00e1 - Honduras<\/td>\n<td>\n<a href=\"https:\/\/sice.oas.org\/TPD\/CAN_HND\/Texts_FTA_05.11.2013\/ESP\/Text_s.asp#a162\"><em class=\"link\">Art\u00edculo 16.2, 2.(d)<\/em><\/a>\n<br>\n<a href=\"https:\/\/sice.oas.org\/TPD\/CAN_HND\/Texts_FTA_05.11.2013\/ESP\/Text_s.asp#a165\"><em class=\"link\">Art\u00edculo 16.5, (a)<\/em><\/a>\n<\/td>\n<\/tr>\n<tr>\n<td width=\"292\"  >Canada - Israel<\/td>\n<td width=\"147\"  >\nCap\u00edtulo 14\n<a href=\"https:\/\/sice.oas.org\/trade\/can-isr\/CAN_ISR_2018_text_e.asp#C14\"><img decoding=\"async\" src=\"https:\/\/msme-clearinghouse.com\/wp-content\/uploads\/2023\/07\/Esp_lang.png\" width=\"40\" height=\"16\"><\/a>\n<a href=\"https:\/\/msme-clearinghouse.com\/es\/wp-content\/uploads\/2023\/07\/Fra_lang.png\" width=\"40\" height=\"12\"><\/a>\n<\/td>\n<\/tr>\n<tr>\n<td>Canad\u00e1 - Panam\u00e1<\/td>\n<td><a href=\"https:\/\/sice.oas.org\/trade\/CAN_PAN_Texts_s\/Text_s.asp#a1503\"><em class=\"link\">Art\u00edculo 15.03, 2.(e)<\/em><\/a>\n<br>\n<a href=\"https:\/\/sice.oas.org\/trade\/CAN_PAN_Texts_s\/Text_s.asp#a1615\"><em class=\"link\">Art\u00edculo 16.15<\/em><\/a>\n<br>\n<a href=\"https:\/\/sice.oas.org\/trade\/CAN_PAN_Texts_s\/Text_s.asp#a1901\"><em class=\"link\">Art\u00edculo 19.01 (d)<\/em><\/a>\n<\/td>\n<\/tr>\n<tr>\n<td>Canad\u00e1 - Per\u00fa<\/td>\n<td>\n<a href=\"https:\/\/sice.oas.org\/trade\/CAN_PER\/CAN_PER_s\/CAN_PER_text_s.asp#Cap15Art02\"><em class=\"link\">Art\u00edculo 1502, 2.(d)<\/em><\/a>\n<br>\n<a href=\"https:\/\/sice.oas.org\/trade\/CAN_PER\/CAN_PER_s\/CAN_PER_text_s.asp#Cap15Art08\"><em class=\"link\">Art\u00edculo 1508 (a) <\/em><\/a>\n<br>\n<a href=\"https:\/\/sice.oas.org\/trade\/CAN_PER\/CAN_PER_s\/CAN_PER_text_s.asp#Cap18Art01\"><em class=\"link\">Art\u00edculo 1801, 1 (d)<\/em><\/a>\n<\/td>\n<\/tr>\n<tr>\n<td>CARIFORUM - Comunidad Europea <\/td>\n<td>Art\u00edculo 43, 1&nbsp;\n<a href=\"https:\/\/sice.oas.org\/trade\/CAR_EU_EPA_e\/CAR_EU_e.asp#P2T1C5A7\"><img decoding=\"async\" src=\"https:\/\/msme-clearinghouse.com\/wp-content\/uploads\/2023\/07\/Esp_lang.png\" width=\"40\" height=\"16\"><\/a>\n<\/td>\n<\/tr>\n<tr>\n<td>Centroam\u00e9rica - Asociaci\u00f3n Europea de Libre Comercio (AELC)<\/td>\n<td><a href=\"https:\/\/sice.oas.org\/TPD\/CACM_EFTA\/Texts_Mar_2014\/ESP\/CACM_EFTA_Text_s.asp#a727\">\n<em class=\"link\">Art\u00edculo 7.27, 1<\/em><\/a><\/td>\n<\/tr>\n<tr>\n<td>Centroam\u00e9rica - M\u00e9xico<\/td>\n<td><a href=\"https:\/\/sice.oas.org\/trade\/CACM_MEX_FTA\/Text_s.asp#Art\u00edculo15.5\"><em class=\"link\">Art\u00edculo 15.5, (a)<\/em><\/a><\/td>\n<\/tr>\n<tr>\n<td>Centroam\u00e9rica - Uni\u00f3n Europea (UE)<\/td>\n<td><a href=\"https:\/\/sice.oas.org\/trade\/CACM_EU\/Text_Sept14\/Text_s.asp#a41\"><em class=\"link\">Art\u00edculo 41, 2(b) <\/em><\/a>\n<br>\n<a href=\"https:\/\/sice.oas.org\/trade\/CACM_EU\/Text_Sept14\/Text_s.asp#a42\"><em class=\"link\">Art\u00edculo 42, 1(k)<\/em><\/a>\n<br>\n<a href=\"https:\/\/sice.oas.org\/trade\/CACM_EU\/Text_Sept14\/Text_s.asp#a56\"><em class=\"link\">Art\u00edculo 56, 2(b)<\/em><\/a>\n<br>\n<a href=\"https:\/\/sice.oas.org\/trade\/CACM_EU\/Text_Sept14\/Text_s.asp#a57\"><em class=\"link\">Art\u00edculo 57, (a)<\/em><\/a>\n<br>\n<a href=\"https:\/\/sice.oas.org\/trade\/CACM_EU\/Text_Sept14\/Text_s.asp#a60\"><em class=\"link\">Art\u00edculo 60, (b); (d)<\/em><\/a>\n<br>\n<a href=\"https:\/\/sice.oas.org\/trade\/CACM_EU\/Text_Sept14\/Text_s.asp#a70\"><em class=\"link\">Art\u00edculo 70<\/em><\/a>\n<br>\n<a href=\"https:\/\/sice.oas.org\/trade\/CACM_EU\/Text_Sept14\/Text_s.asp#a71\"><em class=\"link\">Art\u00edculo 71<\/em><\/a>\n<br>\n<a href=\"https:\/\/sice.oas.org\/trade\/CACM_EU\/Text_Sept14\/Text_s.asp#a76\"><em class=\"link\">Art\u00edculo 76, 1(i)<\/em><\/a>\n<\/td>\n<\/tr>\n<tr>\n<td>Chile - Asociaci\u00f3n Europea de Libre Comercio (AELC)<\/td>\n<td><a href=\"https:\/\/sice.oas.org\/trade\/Chi-EFTA_s\/text_s.asp#Art\u00edculo_67\"><em class=\"link\">Art\u00edculo 67, (2)<\/em><\/a><\/td>\n<\/tr>\n<tr>\n<td>Chile - Australia<\/td>\n<td><a href=\"https:\/\/sice.oas.org\/trade\/CHL_AUS_Final_s\/CHL_AUS_Txt_s.asp#15.24\"><em class=\"link\">Art\u00edculo 15.24, 3<\/em><\/a>\n<br>\n<a href=\"https:\/\/sice.oas.org\/trade\/CHL_AUS_Final_s\/CHL_AUS_Txt_s.asp#18.2\"><em class=\"link\">Art\u00edculo 18.2, 3<\/em><\/a><\/td>\n<\/tr>\n<tr>\n<td>Chile - China<\/td>\n<td><a href=\"https:\/\/sice.oas.org\/trade\/CHL_CHN\/CHL_CHN_s\/text_s.asp#109\"><em class=\"link\">Art\u00edculo 109<\/em><\/a><\/td>\n<\/tr>\n<tr>\n<td>Chile - Colombia<\/td>\n<td><a href=\"https:\/\/sice.oas.org\/trade\/CHL_COL_FTA\/Text_s.asp#Art_12.5\"><em class=\"link\">Art\u00edculo 12.5, (a)<\/em><\/a>\n<br>\n<a href=\"https:\/\/sice.oas.org\/trade\/CHL_COL_FTA\/Text_s.asp#Art_19.1\"><em class=\"link\">Art\u00edculo 19.1, (d)<\/em><\/a><\/td>\n<\/tr>\n<tr>\n<td>Chile - Estados Unidos de Am\u00e9rica<\/td>\n<td><a href=\"https:\/\/sice.oas.org\/trade\/chiusa_s\/Text_s.asp#9.18\"><em class=\"link\">Art\u00edculo 9.18 (d)<\/em><\/a>\n<br>\n<a href=\"https:\/\/sice.oas.org\/trade\/chiusa_s\/Text_s.asp#arti15.5\"><em class=\"link\">Art\u00edculo 15.5 (a)<\/em><\/a><\/td>\n<\/tr>\n<tr>\n<td>Chile - Malasia<\/td>\n<td><a href=\"https:\/\/sice.oas.org\/trade\/CHL_MYS\/CHL_MYS_FTA_s\/Text_s.pdf\" target=\"_blank\">\n<em class=\"link\">Art\u00edculo 9.3, 2 (h)<\/em><\/a>&nbsp;<img decoding=\"async\" src=\"https:\/\/msme-clearinghouse.com\/wp-content\/uploads\/2023\/07\/pdf-2.png\" width=\"20\" height=\"19\"><\/td>\n<\/tr>\n<tr>\n<td>Chile - Nueva Zelanda, Singapur y Brunei (P4)<\/td>\n<td><a href=\"https:\/\/sice.oas.org\/trade\/CHL_Asia_s\/transPacific_text_s.asp#a164\"><em class=\"link\">Art\u00edculo 16.4, 2(g)<\/em><\/a><\/td>\n<\/tr>\n<tr>\n<td>Chile - Uni\u00f3n Europea<\/td>\n<td><a href=\"https:\/\/sice.oas.org\/trade\/ChiEU_s\/chieu_s.asp#ART\u00cdCULO_19\"><em class=\"link\">Art\u00edculo 19<\/em><\/a>\n<br>\n<a href=\"https:\/\/sice.oas.org\/trade\/ChiEU_s\/chieu_s.asp#ART\u00cdCULO_20\"><em class=\"link\">Art\u00edculo 20<\/em><\/a>\n<br>\n<a href=\"https:\/\/sice.oas.org\/trade\/ChiEU_s\/chieu_s.asp#ART\u00cdCULO_36\"><em class=\"link\">Art\u00edculo 36, 5<\/em><\/a>\n<\/td>\n<\/tr>\n<tr>\n<td>Chile - Vietnam<\/td>\n<td> <a href=\"https:\/\/sice.oas.org\/trade\/CHL_VNM\/CHL_VNM_s\/Text_s.pdf\" target=\"_blank\"><em class=\"link\">Art\u00edculo 9.3 (f)<\/em><\/a>\n&nbsp;<img decoding=\"async\" src=\"https:\/\/msme-clearinghouse.com\/wp-content\/uploads\/2023\/07\/pdf-2.png\" width=\"20\" height=\"19\"><\/td>\n<\/tr>\n<tr>\n<td>Colombia - Costa Rica<\/td>\n<td><a href=\"https:\/\/sice.oas.org\/TPD\/COL_CRI\/Draft_Text_July13_s\/Text_s.asp#a1021\"><em class=\"link\">Art\u00edculo 10.21<\/em><\/a>\n<br>\n<a href=\"https:\/\/sice.oas.org\/TPD\/COL_CRI\/Draft_Text_July13_s\/Text_s.asp#a1022\"><em class=\"link\">Art\u00edculo 10.22, 1<\/em><\/a>\n<br>\n<a href=\"https:\/\/sice.oas.org\/TPD\/COL_CRI\/Draft_Text_July13_s\/Text_s.asp#a167\"><em class=\"link\">Art\u00edculo 16.7, 1 (a)<\/em><\/a>\n<br>\n<a href=\"https:\/\/sice.oas.org\/TPD\/COL_CRI\/Draft_Text_July13_s\/Text_s.asp#a201\"><em class=\"link\">Art\u00edculo 20.1, 3 (e)<\/em><\/a>\n<\/td>\n<\/tr>\n<tr>\n<td width=\"292\"  >Colombia - Asociaci\u00f3n Europea de Libre Comercio (AELC)<\/td>\n<td width=\"147\"  ><a href=\"https:\/\/sice.oas.org\/trade\/COL_EFTA\/Final_Texts_s\/Text_s.asp#a12\"><em class=\"link\">Article 1.2 (h)<\/em><\/a>\n<br>\n<a href=\"https:\/\/sice.oas.org\/trade\/COL_EFTA\/Final_Texts_s\/Text_s.asp#a719\"> <em class=\"link\">Article 7.19<\/em><\/a>\n<br>\n<a href=\"https:\/\/sice.oas.org\/trade\/COL_EFTA\/Final_Texts_s\/Text_s.asp#a720\"><em class=\"link\">Article 7.20, 1<\/em><\/a>\n<\/td>\n<\/tr>\n<tr>\n<td width=\"292\"  >Colombia - Corea<\/td>\n<td width=\"147\"  >\n<a href=\"https:\/\/sice.oas.org\/trade\/COL_KOR_FTA_s\/Text19.11.2013_s.asp#a126\"><em class=\"link\">Art\u00edculo 12.6, 2<\/em><\/a>\n<br>\n<a href=\"https:\/\/sice.oas.org\/trade\/COL_KOR_FTA_s\/Text19.11.2013_s.asp#a1416\"><em class=\"link\">Art\u00edculo 14.16<\/em><\/a>\n<br>\n<a href=\"https:\/\/sice.oas.org\/trade\/COL_KOR_FTA_s\/Text19.11.2013_s.asp#a1417\"><em class=\"link\">Art\u00edculo 14.17, 1<\/em><\/a>\n<br>\n<a href=\"https:\/\/sice.oas.org\/trade\/COL_KOR_FTA_s\/Text19.11.2013_s.asp#a171\"><em class=\"link\">Art\u00edculo 17.1, 3 (b)<\/em><\/a>\n<br>\n<a href=\"https:\/\/sice.oas.org\/trade\/COL_KOR_FTA_s\/Text19.11.2013_s.asp#a179\"><em class=\"link\">Art\u00edculo 17.9<\/em><\/a>\n<\/td>\n<\/tr>\n<tr>\n<td>Colombia - Estados Unidos de Am\u00e9rica<\/td>\n<td><a href=\"https:\/\/sice.oas.org\/trade\/COL_USA_TPA_s\/Text_s.asp#a915\"><em class=\"link\">Art\u00edculo 9.15 (d)<\/em><\/a>\n<br>\n<a href=\"https:\/\/sice.oas.org\/trade\/COL_USA_TPA_s\/Text_s.asp#a201\"><em class=\"link\">Art\u00edculo 20.1, 5<\/em><\/a>\n<br>\n<a href=\"https:\/\/sice.oas.org\/trade\/COL_USA_TPA_s\/Text_s.asp#annex175\"><em class=\"link\">Annex 17.5, 2 (p)<\/em><\/a><\/td>\n<\/tr>\n<tr>\n<td>Colombia - M\u00e9xico<\/td>\n<td><a href=\"https:\/\/sice.oas.org\/trade\/go3\/text_s.asp#a15-22\"><em class=\"link\">Art\u00edculo 15-22<\/em><\/a><\/td>\n<\/tr>\n<tr>\n<td>Colombia - tri\u00e1ngulo del Norte<\/td>\n<td><a href=\"https:\/\/sice.oas.org\/TPD\/COL_Norte\/Text\/Text_s.asp#Art14.8\"><em class=\"link\">Art\u00edculo 14.8 (a)<\/em><\/a>\n<br>\n<a href=\"https:\/\/sice.oas.org\/TPD\/COL_Norte\/Text\/Text_s.asp#Art17.1\"><em class=\"link\">Art\u00edculo 17.1, 3 (h)<\/em><\/a>\n<br>\n<a href=\"https:\/\/sice.oas.org\/TPD\/COL_Norte\/Text\/Text_s.asp#Art20.1\"><em class=\"link\">Art\u00edculo 20.1, (c)<\/em><\/a>\n<\/td>\n<\/tr>\n<tr>\n<td>Colombia, Per\u00fa y Ecuador - Uni\u00f3n Europea (UE)<\/td>\n<td><a href=\"https:\/\/sice.oas.org\/trade\/COL_PER_EU_FTA\/COL_EU_Accord_s.pdf\" target=\"_blank\">\n<em class=\"link\">Art\u00edculo 13, 3; Art\u00edculo 59, 3 (c); <\/em>\n<br>\n<em class=\"link\">Art\u00edculo 109 (d); Art\u00edculo 192; <\/em>\n<br>\n<em class=\"link\">Art\u00edculo 193.1; <\/em>\n<br>\n<em class=\"link\">Art\u00edculo 324, 2 (b)<\/em><\/a>\n<img decoding=\"async\" src=\"https:\/\/msme-clearinghouse.com\/wp-content\/uploads\/2023\/07\/pdf-2.png\" width=\"20\" height=\"19\">\n<br>\n<a href=\"https:\/\/sice.oas.org\/trade\/COL_PER_EU_FTA\/Ecuador\/EU_ECU_Textual_Amendments_s.pdf\" target=\"_blank\"><em class=\"link\">Acuerdo Comercial N\u00ba7<\/em><\/a>\n<img decoding=\"async\" src=\"https:\/\/msme-clearinghouse.com\/wp-content\/uploads\/2023\/07\/pdf-2.png\" width=\"20\" height=\"19\"><\/td>\n<\/tr>\n<tr>\n<td>Costa Rica - China<\/td>\n<td><a href=\"https:\/\/sice.oas.org\/trade\/CRI_CHN_FTA\/Texts_Apr2010_s\/Text_s.asp#a118\"><em class=\"link\">Art\u00edculo 118, 2 (g)<\/em><\/a>\n<br>\n<a href=\"https:\/\/sice.oas.org\/trade\/CRI_CHN_FTA\/Texts_Apr2010_s\/Text_s.asp#a119\"><em class=\"link\">Art\u00edculo 119<\/em><\/a>\n<br>\n<a href=\"https:\/\/sice.oas.org\/trade\/CRI_CHN_FTA\/Texts_Apr2010_s\/Text_s.asp#a121\"><em class=\"link\">Art\u00edculo 121, 2 (e)<\/em><\/a><\/td>\n<\/tr>\n<tr>\n<td>Costa Rica - Per\u00fa<\/td>\n<td><a href=\"https:\/\/sice.oas.org\/trade\/CRI_PER_FTA_s\/Text_CRI_PER_s.asp#a98\"><em class=\"link\">Art\u00edculo 9.8, 1 (b)<\/em><\/a>\n<br>\n<a href=\"https:\/\/sice.oas.org\/trade\/CRI_PER_FTA_s\/Text_CRI_PER_s.asp#a1019\"><em class=\"link\">Art\u00edculo 10.19<\/em><\/a>\n<br>\n<a href=\"https:\/\/sice.oas.org\/trade\/CRI_PER_FTA_s\/Text_CRI_PER_s.asp#a171\"><em class=\"link\">Art\u00edculo 17.1, 3 (e)<\/em><\/a>\n<\/td>\n<\/tr>\n<tr>\n<td>Costa Rica - Singapur<\/td>\n<td><a href=\"https:\/\/sice.oas.org\/trade\/CRI_SGP_FTA\/Text_s.asp#a83\"><em class=\"link\">Art\u00edculo 8.3, 7<\/em><\/a>\n<br>\n<a href=\"https:\/\/sice.oas.org\/trade\/CRI_SGP_FTA\/Text_s.asp#a126\"><em class=\"link\">Art\u00edculo 12.6 (a)<\/em><\/a>\n<br>\n<a href=\"https:\/\/sice.oas.org\/trade\/CRI_SGP_FTA\/Text_s.asp#a142\"><em class=\"link\">Art\u00edculo 14.2 (g)<\/em><\/a>\n<br>\n<a href=\"https:\/\/sice.oas.org\/trade\/CRI_SGP_FTA\/Text_s.asp#a143\"><em class=\"link\">Art\u00edculo 14.3<\/em><\/a><\/td>\n<\/tr>\n<tr>\n<td>DR-CAFTA (Centroam\u00e9rica - Rep\u00fablica Dominicana- Estados Unidos)<\/td>\n<td><a href=\"https:\/\/sice.oas.org\/trade\/CAFTA\/CAFTADR\/chapter13_22s.asp#Art\u00edculo14.5\">\n<em class=\"link\">Art\u00edculo 14.5 (a)<\/em><\/a><\/td>\n<\/tr>\n<tr>\n<td>El Salvador -Honduras - Taiw\u00e1n<\/td>\n<td><a href=\"https:\/\/sice.oas.org\/trade\/SLV_HND_TWN_FTA_s\/SLV_HND_TWN_text_s.asp#ART1702\">\n<em class=\"link\">Art\u00edculo 17.02 (d)<\/em><\/a>\n<br>\n<a href=\"https:\/\/sice.oas.org\/trade\/SLV_HND_TWN_FTA_s\/SLV_HND_TWN_text_s.asp#ART1706\"><em class=\"link\">Art\u00edculo 17.06, 2(b)<\/em><\/a>\n<br>\n<a href=\"https:\/\/sice.oas.org\/trade\/SLV_HND_TWN_FTA_s\/SLV_HND_TWN_text_s.asp#ART1708\"><em class=\"link\">Art\u00edculo 17.08, 2 (h)<\/em><\/a>\n<br>\n<a href=\"https:\/\/sice.oas.org\/trade\/SLV_HND_TWN_FTA_s\/SLV_HND_TWN_text_s.asp#ART1712\"><em class=\"link\">Art\u00edculo 17.12<\/em><\/a>\n<\/td>\n<\/tr>\n<tr>\n<td>Guatemala - Taiw\u00e1n<\/td>\n<td><a href=\"https:\/\/sice.oas.org\/trade\/GTM_TWN_s\/Text_s.asp#Art20.9\"><em class=\"link\">Art\u00edculo 20.09<\/em><\/a>\n<br>\n<a href=\"https:\/\/sice.oas.org\/trade\/GTM_TWN_s\/Text_s.asp#Art20.11\"><em class=\"link\">Art\u00edculo 20.11 (h)<\/em><\/a>\n<br>\n<a href=\"https:\/\/sice.oas.org\/trade\/GTM_TWN_s\/Text_s.asp#Art20.12\"><em class=\"link\">Art\u00edculo 20.12, 3<\/em><\/a><\/td>\n<\/tr>\n<tr>\n<td width=\"292\"  >Honduras \u2013 Per\u00fa<\/td>\n<td width=\"147\"  >\n<a href=\"https:\/\/sice.oas.org\/trade\/CACM_PER\/HND_PER\/Capitulo_9_propiedad_intelectual_s.pdf\" target=\"_blank\"><em class=\"link\">Art\u00edculo 9.8, 1 (b)<\/em><\/a>\n<img decoding=\"async\" src=\"https:\/\/msme-clearinghouse.com\/wp-content\/uploads\/2023\/07\/pdf-2.png\" width=\"20\" height=\"19\">\n<br>\n<a href=\"https:\/\/sice.oas.org\/trade\/CACM_PER\/HND_PER\/Capitulo_10_contratacion_publica_s.pdf\" target=\"_blank\"><em class=\"link\">Art\u00edculo 10.19<\/em><\/a>,\n<img decoding=\"async\" src=\"https:\/\/msme-clearinghouse.com\/wp-content\/uploads\/2023\/07\/pdf-2.png\" width=\"20\" height=\"19\">\n<br>\n<a href=\"https:\/\/sice.oas.org\/trade\/CACM_PER\/HND_PER\/Capitulo_10_contratacion_publica_s.pdf\" target=\"_blank\"><em class=\"link\">Art\u00edculo 10.20, 1<\/em><\/a>\n<img decoding=\"async\" src=\"https:\/\/msme-clearinghouse.com\/wp-content\/uploads\/2023\/07\/pdf-2.png\" width=\"20\" height=\"19\">\n<br><a href=\"https:\/\/sice.oas.org\/trade\/CACM_PER\/HND_PER\/Capitulo_17_administracion_del_ratado_s.pdf\" target=\"_blank\"><em class=\"link\">Art\u00edculo 17.1, 3 (e)<\/em>\n<\/a>\n<img decoding=\"async\" src=\"https:\/\/msme-clearinghouse.com\/wp-content\/uploads\/2023\/07\/pdf-2.png\" width=\"20\" height=\"19\"><\/td>\n<\/tr>\n<tr>\n<td>M\u00e9xico - Asociaci\u00f3n Europea de Libre Comercio (AELC)<\/td>\n<td><a href=\"https:\/\/sice.oas.org\/trade\/mexefta\/spanish\/mxeftas2.asp#ART\u00cdCULO 47\"><em class=\"link\">Art\u00edculo 47 (d)<\/em><\/a><\/td>\n<\/tr>\n<tr>\n<td>M\u00e9xico - Jap\u00f3n<\/td>\n<td><a href=\"https:\/\/sice.oas.org\/trade\/MEX_JPN_s\/JPN_MEX_s.asp#Art\u00edculo_127\"><em class=\"link\">Art\u00edculo 127, 3<\/em><\/a>\n<br>\n<a href=\"https:\/\/sice.oas.org\/trade\/MEX_JPN_s\/JPN_MEX_s.asp#Art\u00edculo_141\"><em class=\"link\">Art\u00edculo 141<\/em><\/a><\/td>\n<\/tr>\n<tr>\n<td>M\u00e9xico - Uni\u00f3n Europea<\/td>\n<td><a href=\"https:\/\/sice.oas.org\/trade\/mex_eu\/spanish\/global_s.asp#Art\u00edculo_15\">\n<em class=\"link\">Art\u00edculo 15 (d)<\/em><\/a>\n<br>\n<a href=\"https:\/\/sice.oas.org\/trade\/mex_eu\/spanish\/global_s.asp#Art\u00edculo_17\"><em class=\"link\">Art\u00edculo 17<\/em><\/a>\n<br>\n<a href=\"https:\/\/sice.oas.org\/trade\/mex_eu\/spanish\/global_s.asp#Art\u00edculo_29\"><em class=\"link\">Art\u00edculo 29, 4<\/em><\/a><\/td>\n<\/tr>\n<tr>\n<td>Nicaragua - Taiw\u00e1n<\/td>\n<td><a href=\"https:\/\/sice.oas.org\/trade\/nic_twn\/nic_twn_s\/Comercio_Electronico.pdf\" target=\"_blank\">\n<em class=\"link\">Art\u00edculo 14.05 (a)<\/em><\/a>&nbsp;<img decoding=\"async\" src=\"https:\/\/msme-clearinghouse.com\/wp-content\/uploads\/2023\/07\/pdf-2.png\" width=\"20\" height=\"19\"><\/td>\n<\/tr>\n<tr>\n<td>Panam\u00e1 - Estados Unidos de Am\u00e9rica<\/td>\n<td><a href=\"https:\/\/sice.oas.org\/trade\/PAN_USA_TPA_Text0607_s\/Agreement_Text_TPA_s.asp#c14art5\">\n<em class=\"link\">Art\u00edculo 14.5 (a)<\/em><\/a><\/td>\n<\/tr>\n<tr>\n<td>Panam\u00e1 - Per\u00fa<\/td>\n<td><a href=\"https:\/\/sice.oas.org\/trade\/PAN_PER_FTA_s\/Text_PAN_PER_s.asp#a99\"><em class=\"link\">Art\u00edculo 9.9, 1 (b)<\/em><\/a>\n<br>\n<a href=\"https:\/\/sice.oas.org\/trade\/PAN_PER_FTA_s\/Text_PAN_PER_s.asp#a1019\"><em class=\"link\">Art\u00edculo 10.19<\/em><\/a>\n<br>\n<a href=\"https:\/\/sice.oas.org\/trade\/PAN_PER_FTA_s\/Text_PAN_PER_s.asp#a201\"><em class=\"link\">Art\u00edculo 20.1, 3 (e)<\/em><\/a>\n<\/td>\n<\/tr>\n<tr>\n<td>Panam\u00e1 - Singapur<\/td>\n<td><a href=\"https:\/\/sice.oas.org\/trade\/PAN_SGP\/PAN_SGP_s\/Text_s.asp#Art13.4\">\n<em class=\"link\">Art\u00edculo 13.4, (a)<\/em><\/a>\n<br>\n<a href=\"https:\/\/sice.oas.org\/trade\/PAN_SGP\/PAN_SGP_s\/Text_s.asp#Anex16.2\"><em class=\"link\">Annex 16.2, 4<\/em><\/a>&nbsp;\n<\/td>\n<\/tr>\n<tr>\n<td>Per\u00fa - Asociaci\u00f3n Europea de Libre Comercio (AELC)<\/td>\n<td><a href=\"https:\/\/sice.oas.org\/trade\/PER_EFTA\/Text_s.asp#a729\"><em class=\"link\">Art\u00edculo 7.29<\/em><\/a>\n<br>\n<a href=\"https:\/\/sice.oas.org\/trade\/PER_EFTA\/Text_s.asp#a730\"><em class=\"link\">Art\u00edculo 7.30, 1<\/em><\/a><\/td>\n<\/tr>\n<tr>\n<td>Per\u00fa - China<\/td>\n<td><a href=\"https:\/\/sice.oas.org\/TPD\/PER_CHN\/Texts_28042009_s\/FullText_27042009_s.pdf\" target=\"_blank\">\n<em class=\"link\">Art\u00edculo 155<\/em><\/a>&nbsp;<img decoding=\"async\" src=\"https:\/\/msme-clearinghouse.com\/wp-content\/uploads\/2023\/07\/pdf-2.png\" width=\"20\" height=\"19\"><\/td>\n<\/tr>\n<tr>\n<td>Per\u00fa - Corea del Sur<\/td>\n<td>\n<a href=\"https:\/\/sice.oas.org\/trade\/PER_KOR_FTA\/Texts_26JUL2011_s\/14_KPFTA_Comercio_Electronico.pdf\" target=\"_blank\">\n<em class=\"link\">Art\u00edculo 14.9 (a)<\/em><\/a>\n&nbsp;<img decoding=\"async\" src=\"https:\/\/msme-clearinghouse.com\/wp-content\/uploads\/2023\/07\/pdf-2.png\" width=\"20\" height=\"19\">\n<br>\n<a href=\"https:\/\/sice.oas.org\/trade\/PER_KOR_FTA\/Texts_26JUL2011_s\/16_KPFTA_Compras_Gubernamentales.pdf\" target=\"_blank\">\n<em class=\"link\">Art\u00edculo 16.17<\/em><\/a>\n&nbsp;<img decoding=\"async\" src=\"https:\/\/msme-clearinghouse.com\/wp-content\/uploads\/2023\/07\/pdf-2.png\" width=\"20\" height=\"19\">\n<br>\n<a href=\"https:\/\/sice.oas.org\/trade\/PER_KOR_FTA\/Texts_26JUL2011_s\/16_KPFTA_Compras_Gubernamentales.pdf\" target=\"_blank\">\n<em class=\"link\">Art\u00edculo 16.18, 1<\/em><\/a>\n&nbsp;<img decoding=\"async\" src=\"https:\/\/msme-clearinghouse.com\/wp-content\/uploads\/2023\/07\/pdf-2.png\" width=\"20\" height=\"19\">\n<br>\n<a href=\"https:\/\/sice.oas.org\/trade\/PER_KOR_FTA\/Texts_26JUL2011_s\/20_KPFTA_Cooperacion.pdf\" target=\"_blank\"><em class=\"link\">Art\u00edculo 20.4<\/em><\/a>\n&nbsp;<img decoding=\"async\" src=\"https:\/\/msme-clearinghouse.com\/wp-content\/uploads\/2023\/07\/pdf-2.png\" width=\"20\" height=\"19\">\n<\/td>\n<\/tr>\n<tr>\n<td>Per\u00fa - Estados Unidos de Am\u00e9rica<\/td>\n<td><a href=\"https:\/\/sice.oas.org\/trade\/PER_USA\/PER_USA_s\/PER_USA_text_s.asp#a915\"><em class=\"link\">Art\u00edculo 9.15 (d)<\/em><\/a>\n<br>\n<a href=\"https:\/\/sice.oas.org\/trade\/PER_USA\/PER_USA_s\/PER_USA_text_s.asp#anex176\"><em class=\"link\">Annex 17.6, 2 (p)<\/em><\/a>\n<br>\n<a href=\"https:\/\/sice.oas.org\/trade\/PER_USA\/PER_USA_s\/PER_USA_text_s.asp#a201\"><em class=\"link\">Art\u00edculo 20.1, 5 (a) (b)<\/em><\/a><\/td>\n<\/tr>\n<tr>\n<td>Per\u00fa - Jap\u00f3n<\/td>\n<td><a href=\"https:\/\/sice.oas.org\/trade\/PER_JPN\/EPA_Texts\/ESP\/PER_JPN_text_s.asp#a166\"><em class=\"link\">Art\u00edculo 166, 3<\/em><\/a><\/td>\n<\/tr>\n<tr>\n<td>(TLCAN\/NAFTA) Canad\u00e1 - Estados Unidos - M\u00e9xico<\/td>\n<td><a href=\"https:\/\/sice.oas.org\/trade\/nafta_s\/CAP10_2.asp#A1021\"><em class=\"link\">Art\u00edculo 1021<\/em><\/a><\/td>\n<\/tr>\n<\/tbody><\/table>\n<\/center>\n<\/td>\n<\/tr>\n<\/tbody><\/table>\n        <\/div>\n\t\t\t\t<\/div>\n\t\t\t\t<\/div>\n\t\t\t\t\t<\/div>\n\t\t<\/div>\n\t\t\t\t\t<\/div>\n\t\t<\/section>\n\t\t\t\t<\/div>\n\t\t","protected":false},"excerpt":{"rendered":"<p>Disposiciones sobre MIPYMEs en Acuerdos Comerciales Acuerdos Comerciales Disposiciones Acuerdo Amplio y Progresista de Asociaci\u00f3n transpac\u00edfico (CPTPP) Cap\u00edtulo 24&nbsp; &nbsp; Alianza del Pac\u00edfico Art\u00edculo 8.21 Art\u00edculo 8.22 (b)&nbsp; Canad\u00e1 &#8211; Colombia Art\u00edculo 1502, 2.(e) Canad\u00e1 &#8211; Corea Art\u00edculo 13.2, 2.(e)&nbsp; Art\u00edculo 13.7,(a)&nbsp; Canad\u00e1 &#8211; Estados Unidos &#8211; M\u00e9xico (CUSMA) Cap\u00edtulo 25 &nbsp; Canad\u00e1 &#8211; Honduras [&hellip;]<\/p>\n","protected":false},"author":1,"featured_media":0,"parent":0,"menu_order":0,"comment_status":"closed","ping_status":"closed","template":"","meta":{"iawp_total_views":10,"footnotes":""},"class_list":["post-1472","page","type-page","status-publish","hentry"],"_links":{"self":[{"href":"https:\/\/msme-clearinghouse.com\/es\/wp-json\/wp\/v2\/pages\/1472","targetHints":{"allow":["GET"]}}],"collection":[{"href":"https:\/\/msme-clearinghouse.com\/es\/wp-json\/wp\/v2\/pages"}],"about":[{"href":"https:\/\/msme-clearinghouse.com\/es\/wp-json\/wp\/v2\/types\/page"}],"author":[{"embeddable":true,"href":"https:\/\/msme-clearinghouse.com\/es\/wp-json\/wp\/v2\/users\/1"}],"replies":[{"embeddable":true,"href":"https:\/\/msme-clearinghouse.com\/es\/wp-json\/wp\/v2\/comments?post=1472"}],"version-history":[{"count":90,"href":"https:\/\/msme-clearinghouse.com\/es\/wp-json\/wp\/v2\/pages\/1472\/revisions"}],"predecessor-version":[{"id":3180,"href":"https:\/\/msme-clearinghouse.com\/es\/wp-json\/wp\/v2\/pages\/1472\/revisions\/3180"}],"wp:attachment":[{"href":"https:\/\/msme-clearinghouse.com\/es\/wp-json\/wp\/v2\/media?parent=1472"}],"curies":[{"name":"wp","href":"https:\/\/api.w.org\/{rel}","templated":true}]}}