{"id":1502,"date":"2023-07-19T20:36:40","date_gmt":"2023-07-19T20:36:40","guid":{"rendered":"https:\/\/msme-clearinghouse.com\/es\/?page_id=1502"},"modified":"2024-03-21T11:31:09","modified_gmt":"2024-03-21T15:31:09","slug":"trade-and-small-and-medium-enterprises-smes","status":"publish","type":"page","link":"https:\/\/msme-clearinghouse.com\/es\/trade-and-small-and-medium-enterprises-smes\/","title":{"rendered":"Trade and Small and Medium Enterprises (SMEs)"},"content":{"rendered":"\t\t<div data-elementor-type=\"wp-page\" data-elementor-id=\"1502\" class=\"elementor elementor-1502\" data-elementor-settings=\"{&quot;ha_cmc_init_switcher&quot;:&quot;no&quot;}\" data-elementor-post-type=\"page\">\n\t\t\t\t\t\t<section class=\"has_eae_slider elementor-section elementor-top-section elementor-element elementor-element-f1d832f elementor-section-boxed elementor-section-height-default elementor-section-height-default exad-glass-effect-no exad-sticky-section-no\" data-eae-slider=\"57570\" data-id=\"f1d832f\" data-element_type=\"section\" data-settings=\"{&quot;background_background&quot;:&quot;classic&quot;,&quot;_ha_eqh_enable&quot;:false}\">\n\t\t\t\t\t\t<div class=\"elementor-container elementor-column-gap-default\">\n\t\t\t\t\t<div class=\"has_eae_slider elementor-column elementor-col-100 elementor-top-column elementor-element elementor-element-b77cd0e exad-glass-effect-no exad-sticky-section-no\" data-eae-slider=\"85175\" data-id=\"b77cd0e\" data-element_type=\"column\">\n\t\t\t<div class=\"elementor-widget-wrap elementor-element-populated\">\n\t\t\t\t\t\t<div class=\"elementor-element elementor-element-e5ef43b exad-sticky-section-no exad-glass-effect-no elementor-widget elementor-widget-heading\" data-id=\"e5ef43b\" data-element_type=\"widget\" data-widget_type=\"heading.default\">\n\t\t\t\t<div class=\"elementor-widget-container\">\n\t\t\t\t\t<h2 class=\"elementor-heading-title elementor-size-default\">Comercio y Peque\u00f1as y Medianas Empresas (PYMEs)<\/h2>\t\t\t\t<\/div>\n\t\t\t\t<\/div>\n\t\t\t\t<div class=\"elementor-element elementor-element-cdbbba6 exad-sticky-section-no exad-glass-effect-no elementor-widget elementor-widget-heading\" data-id=\"cdbbba6\" data-element_type=\"widget\" data-widget_type=\"heading.default\">\n\t\t\t\t<div class=\"elementor-widget-container\">\n\t\t\t\t\t<h4 class=\"elementor-heading-title elementor-size-default\">Enlaces a instituciones y programas de apoyo a las PYMEs<\/h4>\t\t\t\t<\/div>\n\t\t\t\t<\/div>\n\t\t\t\t<div class=\"elementor-element elementor-element-8472cae exad-sticky-section-no exad-glass-effect-no elementor-widget elementor-widget-ucaddon_blox_btn_group\" data-id=\"8472cae\" data-element_type=\"widget\" data-widget_type=\"ucaddon_blox_btn_group.default\">\n\t\t\t\t<div class=\"elementor-widget-container\">\n\t\t\t\t\t\n<!-- start Button Group -->\n\t\t<link id='font-awesome-css' href='https:\/\/msme-clearinghouse.com\/es\/wp-content\/plugins\/unlimited-elements-for-elementor\/assets_libraries\/font-awesome6\/fontawesome-all.min.css' type='text\/css' rel='stylesheet' >\n\t\t<link id='font-awesome-4-shim-css' href='https:\/\/msme-clearinghouse.com\/es\/wp-content\/plugins\/unlimited-elements-for-elementor\/assets_libraries\/font-awesome6\/fontawesome-v4-shims.min.css' type='text\/css' rel='stylesheet' >\n\n<style>\/* widget: Button Group *\/\n\n#uc_blox_btn_group_elementor_8472cae\n{\n  display:flex;\n  flex-wrap: wrap;\n}\n\n#uc_blox_btn_group_elementor_8472cae a\n{\n  display:block;\n  text-decoration:none;\n  transition:0.3s;\n\n}\n\n#uc_blox_btn_group_elementor_8472cae .blox_btn_group_inner\n{\n  display:inline-flex;\n  align-items:center;\n}\n\n#uc_blox_btn_group_elementor_8472cae .blox_btn_group_inner .ue-btn-icon\n{\n  line-height:1em;\n}\n\n#uc_blox_btn_group_elementor_8472cae .blox_btn_group_inner .ue-btn-icon svg\n{\n  height:1em;\n  width:1em;\n}\n\n<\/style>\n\n<div id=\"uc_blox_btn_group_elementor_8472cae\" class=\"blox_btn_group uc-items-wrapper \" >\n  <a class=\"elementor-repeater-item-4a129b0 \" href=\"http:\/\/sice.oas.org\/trl\/ATG_s.asp#Supt_to_SMEs\" id=\"uc_blox_btn_group_elementor_8472cae_item1\"  target='_blank'>\n  <div class=\"blox_btn_group_inner\">\n        <div class=\"ue-btn-txt\">Antigua y Barbuda<\/div>\n  <\/div>\n<\/a>\n<a class=\"elementor-repeater-item-9fc0e0c \" href=\"http:\/\/sice.oas.org\/trl\/ARG_s.asp#Supt_to_SMEs\" id=\"uc_blox_btn_group_elementor_8472cae_item2\"  target='_blank'>\n  <div class=\"blox_btn_group_inner\">\n        <div class=\"ue-btn-txt\">Argentina<\/div>\n  <\/div>\n<\/a>\n<a class=\"elementor-repeater-item-d0fe332 \" href=\"http:\/\/sice.oas.org\/trl\/BHS_s.asp#Supt_to_SMEs\" id=\"uc_blox_btn_group_elementor_8472cae_item3\"  target='_blank'>\n  <div class=\"blox_btn_group_inner\">\n        <div class=\"ue-btn-txt\">Bahamas<\/div>\n  <\/div>\n<\/a>\n<a class=\"elementor-repeater-item-9cf7c23 \" href=\"http:\/\/sice.oas.org\/trl\/BRB_s.asp#Supt_to_SMEs\" id=\"uc_blox_btn_group_elementor_8472cae_item4\"  target='_blank'>\n  <div class=\"blox_btn_group_inner\">\n        <div class=\"ue-btn-txt\">Barbados<\/div>\n  <\/div>\n<\/a>\n<a class=\"elementor-repeater-item-547cafd \" href=\"http:\/\/sice.oas.org\/trl\/BLZ_s.asp#Supt_to_SMEs\" id=\"uc_blox_btn_group_elementor_8472cae_item5\"  target='_blank'>\n  <div class=\"blox_btn_group_inner\">\n        <div class=\"ue-btn-txt\">Belize<\/div>\n  <\/div>\n<\/a>\n<a class=\"elementor-repeater-item-9b9835c \" href=\"http:\/\/sice.oas.org\/trl\/BOL_s.asp#Supt_to_SMEs\" id=\"uc_blox_btn_group_elementor_8472cae_item6\"  target='_blank'>\n  <div class=\"blox_btn_group_inner\">\n        <div class=\"ue-btn-txt\">Bolivia<\/div>\n  <\/div>\n<\/a>\n<a class=\"elementor-repeater-item-77ae53d \" href=\"http:\/\/sice.oas.org\/trl\/BRZ_s.asp#Supt_to_SMEs\" id=\"uc_blox_btn_group_elementor_8472cae_item7\"  target='_blank'>\n  <div class=\"blox_btn_group_inner\">\n        <div class=\"ue-btn-txt\">Brasil<\/div>\n  <\/div>\n<\/a>\n<a class=\"elementor-repeater-item-f93acc2 \" href=\"http:\/\/sice.oas.org\/trl\/CAN_s.asp#Supt_to_SMEs\" id=\"uc_blox_btn_group_elementor_8472cae_item8\"  target='_blank'>\n  <div class=\"blox_btn_group_inner\">\n        <div class=\"ue-btn-txt\">Canad\u00e1<\/div>\n  <\/div>\n<\/a>\n<a class=\"elementor-repeater-item-625ebb0 \" href=\"http:\/\/sice.oas.org\/trl\/CHL_s.asp#Supt_to_SMEs\" id=\"uc_blox_btn_group_elementor_8472cae_item9\"  target='_blank'>\n  <div class=\"blox_btn_group_inner\">\n        <div class=\"ue-btn-txt\">Chile<\/div>\n  <\/div>\n<\/a>\n<a class=\"elementor-repeater-item-a238a64 \" href=\"http:\/\/sice.oas.org\/trl\/COL_s.asp#Supt_to_SMEs\" id=\"uc_blox_btn_group_elementor_8472cae_item10\"  target='_blank'>\n  <div class=\"blox_btn_group_inner\">\n        <div class=\"ue-btn-txt\">Colombia<\/div>\n  <\/div>\n<\/a>\n<a class=\"elementor-repeater-item-a794c59 \" href=\"http:\/\/sice.oas.org\/trl\/CRI_s.asp#Supt_to_SMEs\" id=\"uc_blox_btn_group_elementor_8472cae_item11\"  target='_blank'>\n  <div class=\"blox_btn_group_inner\">\n        <div class=\"ue-btn-txt\">Costa Rica<\/div>\n  <\/div>\n<\/a>\n<a class=\"elementor-repeater-item-676bde8 \" href=\"http:\/\/sice.oas.org\/trl\/DMA_s.asp#Supt_to_SMEs\" id=\"uc_blox_btn_group_elementor_8472cae_item12\"  target='_blank'>\n  <div class=\"blox_btn_group_inner\">\n        <div class=\"ue-btn-txt\">Dominica<\/div>\n  <\/div>\n<\/a>\n<a class=\"elementor-repeater-item-63dbf31 \" href=\"http:\/\/sice.oas.org\/trl\/ECU_s.asp#Supt_to_SMEs\" id=\"uc_blox_btn_group_elementor_8472cae_item13\"  target='_blank'>\n  <div class=\"blox_btn_group_inner\">\n        <div class=\"ue-btn-txt\">Ecuador<\/div>\n  <\/div>\n<\/a>\n<a class=\"elementor-repeater-item-17d50c3 \" href=\"http:\/\/sice.oas.org\/trl\/SLV_s.asp#Supt_to_SMEs\" id=\"uc_blox_btn_group_elementor_8472cae_item14\"  target='_blank'>\n  <div class=\"blox_btn_group_inner\">\n        <div class=\"ue-btn-txt\">El Salvador<\/div>\n  <\/div>\n<\/a>\n<a class=\"elementor-repeater-item-0ad36ec \" href=\"http:\/\/sice.oas.org\/trl\/USA_s.asp#Supt_to_SMEs\" id=\"uc_blox_btn_group_elementor_8472cae_item15\"  target='_blank'>\n  <div class=\"blox_btn_group_inner\">\n        <div class=\"ue-btn-txt\">Estados Unidos de Am\u00e9rica<\/div>\n  <\/div>\n<\/a>\n<a class=\"elementor-repeater-item-4d6a44c \" href=\"http:\/\/sice.oas.org\/trl\/GRD_s.asp#Supt_to_SMEs\" id=\"uc_blox_btn_group_elementor_8472cae_item16\"  target='_blank'>\n  <div class=\"blox_btn_group_inner\">\n        <div class=\"ue-btn-txt\">Grenada<\/div>\n  <\/div>\n<\/a>\n<a class=\"elementor-repeater-item-159d55d \" href=\"http:\/\/sice.oas.org\/trl\/GTM_s.asp#Supt_to_SMEs\" id=\"uc_blox_btn_group_elementor_8472cae_item17\"  target='_blank'>\n  <div class=\"blox_btn_group_inner\">\n        <div class=\"ue-btn-txt\">Guatemala<\/div>\n  <\/div>\n<\/a>\n<a class=\"elementor-repeater-item-214d293 \" href=\"http:\/\/sice.oas.org\/trl\/GUY_s.asp#Supt_to_SMEs\" id=\"uc_blox_btn_group_elementor_8472cae_item18\"  target='_blank'>\n  <div class=\"blox_btn_group_inner\">\n        <div class=\"ue-btn-txt\">Guyana<\/div>\n  <\/div>\n<\/a>\n<a class=\"elementor-repeater-item-b755e57 \" href=\"http:\/\/sice.oas.org\/trl\/HTI_s.asp#Supt_to_SMEs\" id=\"uc_blox_btn_group_elementor_8472cae_item19\"  target='_blank'>\n  <div class=\"blox_btn_group_inner\">\n        <div class=\"ue-btn-txt\">Hait\u00ed<\/div>\n  <\/div>\n<\/a>\n<a class=\"elementor-repeater-item-f6af44b \" href=\"http:\/\/sice.oas.org\/trl\/HND_s.asp#Supt_to_SMEs\" id=\"uc_blox_btn_group_elementor_8472cae_item20\"  target='_blank'>\n  <div class=\"blox_btn_group_inner\">\n        <div class=\"ue-btn-txt\">Honduras<\/div>\n  <\/div>\n<\/a>\n<a class=\"elementor-repeater-item-440871c \" href=\"http:\/\/sice.oas.org\/trl\/JAM_s.asp#Supt_to_SMEs\" id=\"uc_blox_btn_group_elementor_8472cae_item21\"  target='_blank'>\n  <div class=\"blox_btn_group_inner\">\n        <div class=\"ue-btn-txt\">Jamaica<\/div>\n  <\/div>\n<\/a>\n<a class=\"elementor-repeater-item-15f43ea \" href=\"http:\/\/sice.oas.org\/trl\/MEX_s.asp#Supt_to_SMEs\" id=\"uc_blox_btn_group_elementor_8472cae_item22\"  target='_blank'>\n  <div class=\"blox_btn_group_inner\">\n        <div class=\"ue-btn-txt\">Mexico<\/div>\n  <\/div>\n<\/a>\n<a class=\"elementor-repeater-item-cc50bb9 \" href=\"http:\/\/sice.oas.org\/trl\/PAN_s.asp#Supt_to_SMEs\" id=\"uc_blox_btn_group_elementor_8472cae_item23\"  target='_blank'>\n  <div class=\"blox_btn_group_inner\">\n        <div class=\"ue-btn-txt\">Panam\u00e1<\/div>\n  <\/div>\n<\/a>\n<a class=\"elementor-repeater-item-7368f6a \" href=\"http:\/\/sice.oas.org\/trl\/PRY_s.asp#Supt_to_SMEs\" id=\"uc_blox_btn_group_elementor_8472cae_item24\"  target='_blank'>\n  <div class=\"blox_btn_group_inner\">\n        <div class=\"ue-btn-txt\">Paraguay<\/div>\n  <\/div>\n<\/a>\n<a class=\"elementor-repeater-item-5342614 \" href=\"http:\/\/sice.oas.org\/trl\/PER_s.asp#Supt_to_SMEs\" id=\"uc_blox_btn_group_elementor_8472cae_item25\"  target='_blank'>\n  <div class=\"blox_btn_group_inner\">\n        <div class=\"ue-btn-txt\">Per\u00fa<\/div>\n  <\/div>\n<\/a>\n<a class=\"elementor-repeater-item-1307758 \" href=\"http:\/\/sice.oas.org\/trl\/DOM_s.asp#Supt_to_SMEs\" id=\"uc_blox_btn_group_elementor_8472cae_item26\"  target='_blank'>\n  <div class=\"blox_btn_group_inner\">\n        <div class=\"ue-btn-txt\">Rep\u00fablica Dominicana<\/div>\n  <\/div>\n<\/a>\n<a class=\"elementor-repeater-item-919bb1f \" href=\"http:\/\/sice.oas.org\/trl\/KNA_s.asp#Supt_to_SMEs\" id=\"uc_blox_btn_group_elementor_8472cae_item27\"  target='_blank'>\n  <div class=\"blox_btn_group_inner\">\n        <div class=\"ue-btn-txt\">Saint Kitts and Nevis<\/div>\n  <\/div>\n<\/a>\n<a class=\"elementor-repeater-item-a8ad7d9 \" href=\"http:\/\/sice.oas.org\/trl\/LCA_s.asp#Supt_to_SMEs\" id=\"uc_blox_btn_group_elementor_8472cae_item28\"  target='_blank'>\n  <div class=\"blox_btn_group_inner\">\n        <div class=\"ue-btn-txt\">Santa Lucia<\/div>\n  <\/div>\n<\/a>\n<a class=\"elementor-repeater-item-7308290 \" href=\"http:\/\/sice.oas.org\/trl\/VCT_s.asp#Supt_to_SMEs\" id=\"uc_blox_btn_group_elementor_8472cae_item29\"  target='_blank'>\n  <div class=\"blox_btn_group_inner\">\n        <div class=\"ue-btn-txt\">San Vicente y las Granadinas<\/div>\n  <\/div>\n<\/a>\n<a class=\"elementor-repeater-item-de4206b \" href=\"http:\/\/sice.oas.org\/trl\/SUR_s.asp#Supt_to_SMEs\" id=\"uc_blox_btn_group_elementor_8472cae_item30\"  target='_blank'>\n  <div class=\"blox_btn_group_inner\">\n        <div class=\"ue-btn-txt\">Suriname<\/div>\n  <\/div>\n<\/a>\n<a class=\"elementor-repeater-item-e699b0f \" href=\"http:\/\/sice.oas.org\/trl\/TTO_s.asp#Supt_to_SMEs\" id=\"uc_blox_btn_group_elementor_8472cae_item31\"  target='_blank'>\n  <div class=\"blox_btn_group_inner\">\n        <div class=\"ue-btn-txt\">Trinidad y Tobago<\/div>\n  <\/div>\n<\/a>\n<a class=\"elementor-repeater-item-a6c4660 \" href=\"http:\/\/sice.oas.org\/trl\/URY_s.asp#Supt_to_SMEs\" id=\"uc_blox_btn_group_elementor_8472cae_item32\"  target='_blank'>\n  <div class=\"blox_btn_group_inner\">\n        <div class=\"ue-btn-txt\">Uruguay<\/div>\n  <\/div>\n<\/a>\n<a class=\"elementor-repeater-item-3f9d024 \" href=\"http:\/\/sice.oas.org\/trl\/VEN_s.asp#Supt_to_SMEs\" id=\"uc_blox_btn_group_elementor_8472cae_item33\"  target='_blank'>\n  <div class=\"blox_btn_group_inner\">\n        <div class=\"ue-btn-txt\">Venezuela<\/div>\n  <\/div>\n<\/a>\n\n  \n\n\n<\/div>\n<!-- end Button Group -->\t\t\t\t<\/div>\n\t\t\t\t<\/div>\n\t\t\t\t\t<\/div>\n\t\t<\/div>\n\t\t\t\t\t<\/div>\n\t\t<\/section>\n\t\t\t\t<\/div>\n\t\t","protected":false},"excerpt":{"rendered":"<p>Comercio y Peque\u00f1as y Medianas Empresas (PYMEs) Enlaces a instituciones y programas de apoyo a las PYMEs Antigua y Barbuda Argentina Bahamas Barbados Belize Bolivia Brasil Canad\u00e1 Chile Colombia Costa Rica Dominica Ecuador El Salvador Estados Unidos de Am\u00e9rica Grenada Guatemala Guyana Hait\u00ed Honduras Jamaica Mexico Panam\u00e1 Paraguay Per\u00fa Rep\u00fablica Dominicana Saint Kitts and Nevis [&hellip;]<\/p>\n","protected":false},"author":1,"featured_media":0,"parent":0,"menu_order":0,"comment_status":"closed","ping_status":"closed","template":"","meta":{"iawp_total_views":7,"footnotes":""},"class_list":["post-1502","page","type-page","status-publish","hentry"],"_links":{"self":[{"href":"https:\/\/msme-clearinghouse.com\/es\/wp-json\/wp\/v2\/pages\/1502","targetHints":{"allow":["GET"]}}],"collection":[{"href":"https:\/\/msme-clearinghouse.com\/es\/wp-json\/wp\/v2\/pages"}],"about":[{"href":"https:\/\/msme-clearinghouse.com\/es\/wp-json\/wp\/v2\/types\/page"}],"author":[{"embeddable":true,"href":"https:\/\/msme-clearinghouse.com\/es\/wp-json\/wp\/v2\/users\/1"}],"replies":[{"embeddable":true,"href":"https:\/\/msme-clearinghouse.com\/es\/wp-json\/wp\/v2\/comments?post=1502"}],"version-history":[{"count":37,"href":"https:\/\/msme-clearinghouse.com\/es\/wp-json\/wp\/v2\/pages\/1502\/revisions"}],"predecessor-version":[{"id":2973,"href":"https:\/\/msme-clearinghouse.com\/es\/wp-json\/wp\/v2\/pages\/1502\/revisions\/2973"}],"wp:attachment":[{"href":"https:\/\/msme-clearinghouse.com\/es\/wp-json\/wp\/v2\/media?parent=1502"}],"curies":[{"name":"wp","href":"https:\/\/api.w.org\/{rel}","templated":true}]}}